{"id":589,"date":"2022-10-02T19:58:24","date_gmt":"2022-10-02T17:58:24","guid":{"rendered":"https:\/\/promath.fr\/?page_id=589"},"modified":"2025-11-11T21:14:43","modified_gmt":"2025-11-11T20:14:43","slug":"logiciels","status":"publish","type":"page","link":"https:\/\/promath.fr\/index.php\/logiciels\/","title":{"rendered":"Logiciels"},"content":{"rendered":"\t\t<div data-elementor-type=\"wp-page\" data-elementor-id=\"589\" class=\"elementor elementor-589\">\n\t\t\t\t\t\t<section class=\"elementor-section elementor-top-section elementor-element elementor-element-f6c8252 elementor-section-boxed elementor-section-height-default elementor-section-height-default\" data-id=\"f6c8252\" data-element_type=\"section\">\n\t\t\t\t\t\t<div class=\"elementor-container elementor-column-gap-default\">\n\t\t\t\t\t<div class=\"elementor-column elementor-col-100 elementor-top-column elementor-element elementor-element-cb01653\" data-id=\"cb01653\" data-element_type=\"column\">\n\t\t\t<div class=\"elementor-widget-wrap elementor-element-populated\">\n\t\t\t\t\t\t<div class=\"elementor-element elementor-element-ccc1788 elementor-invisible elementor-widget elementor-widget-heading\" data-id=\"ccc1788\" data-element_type=\"widget\" data-settings=\"{&quot;_animation&quot;:&quot;jello&quot;}\" data-widget_type=\"heading.default\">\n\t\t\t\t<div class=\"elementor-widget-container\">\n\t\t\t\t\t<h2 class=\"elementor-heading-title elementor-size-large\">Vous trouverez ci-dessous les logiciels \u00e0 t\u00e9l\u00e9charger et \u00e0 installer sur vos ordinateurs personnels<\/h2>\t\t\t\t<\/div>\n\t\t\t\t<\/div>\n\t\t\t\t\t<\/div>\n\t\t<\/div>\n\t\t\t\t\t<\/div>\n\t\t<\/section>\n\t\t\t\t<section class=\"elementor-section elementor-top-section elementor-element elementor-element-0fa7106 elementor-section-boxed elementor-section-height-default elementor-section-height-default\" data-id=\"0fa7106\" data-element_type=\"section\">\n\t\t\t\t\t\t<div class=\"elementor-container elementor-column-gap-default\">\n\t\t\t\t\t<div class=\"elementor-column elementor-col-100 elementor-top-column elementor-element elementor-element-534375a\" data-id=\"534375a\" data-element_type=\"column\">\n\t\t\t<div class=\"elementor-widget-wrap elementor-element-populated\">\n\t\t\t\t\t\t<section class=\"elementor-section elementor-inner-section elementor-element elementor-element-d9837db elementor-section-boxed elementor-section-height-default elementor-section-height-default\" data-id=\"d9837db\" data-element_type=\"section\">\n\t\t\t\t\t\t<div class=\"elementor-container elementor-column-gap-default\">\n\t\t\t\t\t<div class=\"elementor-column elementor-col-33 elementor-inner-column elementor-element elementor-element-b8b98a8\" data-id=\"b8b98a8\" data-element_type=\"column\">\n\t\t\t<div class=\"elementor-widget-wrap elementor-element-populated\">\n\t\t\t\t\t\t<div class=\"elementor-element elementor-element-b30fc02 elementor-invisible elementor-widget elementor-widget-image\" data-id=\"b30fc02\" data-element_type=\"widget\" data-settings=\"{&quot;_animation&quot;:&quot;bounceIn&quot;}\" data-widget_type=\"image.default\">\n\t\t\t\t<div class=\"elementor-widget-container\">\n\t\t\t\t\t\t\t\t\t\t\t\t\t\t\t\t<a href=\"https:\/\/www.promath.fr\/telechargements\/GeoGebra-Windows-Installer-5-2-905-1.exe\">\n\t\t\t\t\t\t\t<img decoding=\"async\" src=\"http:\/\/www.promath.fr\/telechargements\/IMAGE\/logo_geogebra.png\" title=\"\" alt=\"\" loading=\"lazy\" \/>\t\t\t\t\t\t\t\t<\/a>\n\t\t\t\t\t\t\t\t\t\t\t\t\t\t\t<\/div>\n\t\t\t\t<\/div>\n\t\t\t\t<div class=\"elementor-element elementor-element-da0be77 elementor-widget elementor-widget-text-editor\" data-id=\"da0be77\" data-element_type=\"widget\" data-widget_type=\"text-editor.default\">\n\t\t\t\t<div class=\"elementor-widget-container\">\n\t\t\t\t\t\t\t\t\t<p><a href=\"http:\/\/www.promath.fr\/telechargements\/GeoGebra-Windows-Installer-5-0-732-0.exe\">G\u00e9og\u00e9bra<\/a><\/p>\t\t\t\t\t\t\t\t<\/div>\n\t\t\t\t<\/div>\n\t\t\t\t\t<\/div>\n\t\t<\/div>\n\t\t\t\t<div class=\"elementor-column elementor-col-33 elementor-inner-column elementor-element elementor-element-b164d86\" data-id=\"b164d86\" data-element_type=\"column\">\n\t\t\t<div class=\"elementor-widget-wrap elementor-element-populated\">\n\t\t\t\t\t\t<div class=\"elementor-element elementor-element-5a47f55 elementor-invisible elementor-widget elementor-widget-image\" data-id=\"5a47f55\" data-element_type=\"widget\" data-settings=\"{&quot;_animation&quot;:&quot;bounceIn&quot;}\" data-widget_type=\"image.default\">\n\t\t\t\t<div class=\"elementor-widget-container\">\n\t\t\t\t\t\t\t\t\t\t\t\t\t\t\t\t<a href=\"https:\/\/www.promath.fr\/telechargements\/LibreOffice_25.8.2_Win_x86-64.msi\">\n\t\t\t\t\t\t\t<img decoding=\"async\" src=\"http:\/\/www.promath.fr\/telechargements\/IMAGE\/logo_libreoffice.png\" title=\"\" alt=\"\" loading=\"lazy\" \/>\t\t\t\t\t\t\t\t<\/a>\n\t\t\t\t\t\t\t\t\t\t\t\t\t\t\t<\/div>\n\t\t\t\t<\/div>\n\t\t\t\t<div class=\"elementor-element elementor-element-5780c8e elementor-widget elementor-widget-text-editor\" data-id=\"5780c8e\" data-element_type=\"widget\" data-widget_type=\"text-editor.default\">\n\t\t\t\t<div class=\"elementor-widget-container\">\n\t\t\t\t\t\t\t\t\t<p><a href=\"http:\/\/www.promath.fr\/telechargements\/LibreOffice_7.4.1_Win_x64.msi\">Libre office<\/a><\/p>\t\t\t\t\t\t\t\t<\/div>\n\t\t\t\t<\/div>\n\t\t\t\t\t<\/div>\n\t\t<\/div>\n\t\t\t\t<div class=\"elementor-column elementor-col-33 elementor-inner-column elementor-element elementor-element-836a822\" data-id=\"836a822\" data-element_type=\"column\">\n\t\t\t<div class=\"elementor-widget-wrap elementor-element-populated\">\n\t\t\t\t\t\t<div class=\"elementor-element elementor-element-c5315b8 elementor-invisible elementor-widget elementor-widget-image\" data-id=\"c5315b8\" data-element_type=\"widget\" data-settings=\"{&quot;_animation&quot;:&quot;bounceIn&quot;,&quot;_animation_delay&quot;:300}\" data-widget_type=\"image.default\">\n\t\t\t\t<div class=\"elementor-widget-container\">\n\t\t\t\t\t\t\t\t\t\t\t\t\t\t\t\t<a href=\"https:\/\/www.promath.fr\/telechargements\/Scratch_3.29.1_Setup.exe\">\n\t\t\t\t\t\t\t<img decoding=\"async\" src=\"http:\/\/www.promath.fr\/telechargements\/IMAGE\/Daco_5629451.png\" title=\"\" alt=\"\" loading=\"lazy\" \/>\t\t\t\t\t\t\t\t<\/a>\n\t\t\t\t\t\t\t\t\t\t\t\t\t\t\t<\/div>\n\t\t\t\t<\/div>\n\t\t\t\t<div class=\"elementor-element elementor-element-61e32b0 elementor-widget elementor-widget-text-editor\" data-id=\"61e32b0\" data-element_type=\"widget\" data-widget_type=\"text-editor.default\">\n\t\t\t\t<div class=\"elementor-widget-container\">\n\t\t\t\t\t\t\t\t\t<p><a href=\"http:\/\/www.promath.fr\/telechargements\/Scratch_3.29.1_Setup.exe\">Scratch<\/a>\u00a0Version 3<\/p>\t\t\t\t\t\t\t\t<\/div>\n\t\t\t\t<\/div>\n\t\t\t\t\t<\/div>\n\t\t<\/div>\n\t\t\t\t\t<\/div>\n\t\t<\/section>\n\t\t\t\t\t<\/div>\n\t\t<\/div>\n\t\t\t\t\t<\/div>\n\t\t<\/section>\n\t\t\t\t<section class=\"elementor-section elementor-top-section elementor-element elementor-element-6ce4ec0 elementor-section-boxed elementor-section-height-default elementor-section-height-default\" data-id=\"6ce4ec0\" data-element_type=\"section\">\n\t\t\t\t\t\t<div class=\"elementor-container elementor-column-gap-default\">\n\t\t\t\t\t<div class=\"elementor-column elementor-col-100 elementor-top-column elementor-element elementor-element-6237a2c\" data-id=\"6237a2c\" data-element_type=\"column\">\n\t\t\t<div class=\"elementor-widget-wrap elementor-element-populated\">\n\t\t\t\t\t\t<div class=\"elementor-element elementor-element-7c763b0 elementor-widget elementor-widget-image\" data-id=\"7c763b0\" data-element_type=\"widget\" data-widget_type=\"image.default\">\n\t\t\t\t<div class=\"elementor-widget-container\">\n\t\t\t\t\t\t\t\t\t\t\t\t<figure class=\"wp-caption\">\n\t\t\t\t\t\t\t\t\t\t\t<a href=\"http:\/\/www.promath.fr\/telechargements\/Scratch-461.exe\">\n\t\t\t\t\t\t\t<img decoding=\"async\" src=\"http:\/\/www.promath.fr\/telechargements\/IMAGE\/img_scratch_2.png\" title=\"\" alt=\"\" loading=\"lazy\" \/>\t\t\t\t\t\t\t\t<\/a>\n\t\t\t\t\t\t\t\t\t\t\t<figcaption class=\"widget-image-caption wp-caption-text\">Scratch Version 2<\/figcaption>\n\t\t\t\t\t\t\t\t\t\t<\/figure>\n\t\t\t\t\t\t\t\t\t<\/div>\n\t\t\t\t<\/div>\n\t\t\t\t\t<\/div>\n\t\t<\/div>\n\t\t\t\t\t<\/div>\n\t\t<\/section>\n\t\t\t\t<\/div>\n\t\t","protected":false},"excerpt":{"rendered":"<p>Vous trouverez ci-dessous les logiciels \u00e0 t\u00e9l\u00e9charger et \u00e0 installer sur vos ordinateurs personnels G\u00e9og\u00e9bra Libre office Scratch\u00a0Version 3 Scratch Version 2<\/p>\n","protected":false},"author":1,"featured_media":0,"parent":0,"menu_order":0,"comment_status":"closed","ping_status":"closed","template":"","meta":{"footnotes":""},"class_list":["post-589","page","type-page","status-publish","hentry"],"_links":{"self":[{"href":"https:\/\/promath.fr\/index.php\/wp-json\/wp\/v2\/pages\/589","targetHints":{"allow":["GET"]}}],"collection":[{"href":"https:\/\/promath.fr\/index.php\/wp-json\/wp\/v2\/pages"}],"about":[{"href":"https:\/\/promath.fr\/index.php\/wp-json\/wp\/v2\/types\/page"}],"author":[{"embeddable":true,"href":"https:\/\/promath.fr\/index.php\/wp-json\/wp\/v2\/users\/1"}],"replies":[{"embeddable":true,"href":"https:\/\/promath.fr\/index.php\/wp-json\/wp\/v2\/comments?post=589"}],"version-history":[{"count":25,"href":"https:\/\/promath.fr\/index.php\/wp-json\/wp\/v2\/pages\/589\/revisions"}],"predecessor-version":[{"id":1413,"href":"https:\/\/promath.fr\/index.php\/wp-json\/wp\/v2\/pages\/589\/revisions\/1413"}],"wp:attachment":[{"href":"https:\/\/promath.fr\/index.php\/wp-json\/wp\/v2\/media?parent=589"}],"curies":[{"name":"wp","href":"https:\/\/api.w.org\/{rel}","templated":true}]}}